{"id":1671,"date":"2016-10-06T03:37:14","date_gmt":"2016-10-06T03:37:14","guid":{"rendered":"https:\/\/www.cafima.it\/home-i\/"},"modified":"2025-05-21T12:49:07","modified_gmt":"2025-05-21T12:49:07","slug":"home-i","status":"publish","type":"page","link":"https:\/\/www.cafima.it\/en\/","title":{"rendered":"Home Cafima"},"content":{"rendered":"<p>[vc_row][vc_column css=&#8221;.vc_custom_1475031924841{margin-bottom: 30px !important;}&#8221;][rev_slider_vc alias=&#8221;homepage-slider&#8221;][\/vc_column][\/vc_row][vc_row][vc_column el_class=&#8221;home-partners&#8221;]<h3 class=\"center-title\">The Cafiero Mattioli group<\/h3><div class=\"title-block2\"><\/div>[\/vc_column][\/vc_row][vc_row][vc_column][vc_column_text]The Cafiero Mattioli group is a shipping organisation actively involved in ownership and management of offshore supply vessels services to oil\u2013rig platforms, harbour and deep sea tug and gas carriers.<\/p>\n<p>The holding company of the group is the Cafiero Mattioli Finanziaria CA.FI.MA. S.p.A., a family business with a long and successful background in shipping.<\/p>\n<p>The Cafiero family was originally based in Meta di Sorrento near Naples, a traditional shipping centre southern Italy, and the family has been involved in shipping since 1600.<\/p>\n<p>CA.FI.MA. S.p.A. owns the Italian interests of the group, focused on supply vessels, harbour towage and salvage companies and gas carriers.[\/vc_column_text][\/vc_column][\/vc_row][vc_row][vc_column width=&#8221;1\/4&#8243;][vc_single_image image=&#8221;841&#8243; alignment=&#8221;center&#8221; onclick=&#8221;custom_link&#8221; img_link_target=&#8221;_blank&#8221; link=&#8221;https:\/\/www.augustaoffshore.it\/&#8221;][vc_custom_heading text=&#8221;Augusta Offshore&#8221; font_container=&#8221;tag:h2|font_size:20px|text_align:center&#8221; google_fonts=&#8221;font_family:Source%20Serif%20Pro%3A400%2C600%2C700|font_style:400%20regular%3A400%3Anormal&#8221;][vc_separator color=&#8221;custom&#8221; border_width=&#8221;2&#8243; el_width=&#8221;30&#8243; accent_color=&#8221;#608aa9&#8243;][vc_column_text]<\/p>\n<p style=\"text-align: center\">Augusta is responsible for a fleet of 8 supply vessels<\/p>\n<p>[\/vc_column_text][\/vc_column][vc_column width=&#8221;1\/4&#8243;][vc_single_image image=&#8221;844&#8243; alignment=&#8221;center&#8221; onclick=&#8221;custom_link&#8221; img_link_target=&#8221;_blank&#8221; link=&#8221;https:\/\/www.scinicariello.it\/&#8221;][vc_custom_heading text=&#8221;Scinicariello&#8221; font_container=&#8221;tag:h2|font_size:20px|text_align:center&#8221; google_fonts=&#8221;font_family:Source%20Serif%20Pro%3A400%2C600%2C700|font_style:400%20regular%3A400%3Anormal&#8221;][vc_separator color=&#8221;custom&#8221; border_width=&#8221;2&#8243; el_width=&#8221;30&#8243; accent_color=&#8221;#608aa9&#8243;][vc_column_text]<\/p>\n<p style=\"text-align: center\">Scinicariello carries out the supply vessel fleet full management<\/p>\n<p>[\/vc_column_text][\/vc_column][vc_column width=&#8221;1\/4&#8243;][vc_single_image image=&#8221;845&#8243; alignment=&#8221;center&#8221; onclick=&#8221;custom_link&#8221; img_link_target=&#8221;_blank&#8221; link=&#8221;https:\/\/www.synergas.it\/&#8221;][vc_custom_heading text=&#8221;Synergas&#8221; font_container=&#8221;tag:h2|font_size:20px|text_align:center&#8221; google_fonts=&#8221;font_family:Source%20Serif%20Pro%3A400%2C600%2C700|font_style:400%20regular%3A400%3Anormal&#8221;][vc_separator color=&#8221;custom&#8221; border_width=&#8221;2&#8243; el_width=&#8221;30&#8243; accent_color=&#8221;#608aa9&#8243;][vc_column_text]<\/p>\n<p style=\"text-align: center\">Synergas S.r.l. has a fleet of 6 gas carriers<\/p>\n<p>[\/vc_column_text][\/vc_column][\/vc_row][vc_row type=&#8221;full_width_section&#8221;][vc_column css=&#8221;.vc_custom_1517827340064{margin-top: 0px !important;margin-right: 0px !important;margin-bottom: 60px !important;margin-left: 0px !important;border-top-width: 0px !important;border-right-width: 0px !important;border-left-width: 0px !important;padding-top: 0px !important;padding-right: 0px !important;padding-left: 0px !important;}&#8221; el_class=&#8221;text-with-bg-custom&#8221;]<!-- BEGIN .full-width-message-wrapper -->\n\t<div class=\"full-width-message-wrapper\" style=\"background:url(https:\/\/www.cafima.it\/cafcd\/uploads\/2018\/03\/banner_cafima.png) no-repeat center top;\">\n\n\t\t<!-- BEGIN .full-width-message-inner -->\n\t\t<div class=\"full-width-message-inner\">\n\n\t\t\t<h3>La Cafiero Mattioli Finanziaria CA.FI.MA. S.p.A. \u00e8 la societ\u00e0 capogruppo, una societ\u00e0 a conduzione familiare con una lunga e consolidata esperienza nel settore dello shipping.<\/h3>\n\n\t\t\t<div class=\"call-to-action-button-wrapper clearfix\">\n\t\t\t\t<a href=\"\/fleet\/\" class=\"button-view-yachts\"><i class=\"fa \"><\/i>Flotta<\/a>\n\t\t\t\t<a href=\"\" class=\"button-get-in-touch\"><i class=\"fa \"><\/i><\/a>\n\t\t\t<\/div>\n\n\t\t\t<div class=\"clearboth\"><\/div>\n\n\t\t<!-- END .full-width-message-inner -->\n\t\t<\/div>\n\n\t<!-- END .full-width-message-wrapper -->\n\t<\/div>[\/vc_column][\/vc_row][vc_row][vc_column width=&#8221;1\/2&#8243;]<h3 class=\"center-title\">Photo Gallery<\/h3><div class=\"title-block2\"><\/div>[vc_column_text]<\/p>\n\n<p>[\/vc_column_text][\/vc_column][\/vc_row]<\/p>\n","protected":false},"excerpt":{"rendered":"<p>[vc_row][vc_column css=&#8221;.vc_custom_1475031924841{margin-bottom: 30px !important;}&#8221;][rev_slider_vc alias=&#8221;homepage-slider&#8221;][\/vc_column][\/vc_row][vc_row][vc_column el_class=&#8221;home-partners&#8221;][\/vc_column][\/vc_row][vc_row][vc_column][vc_column_text]The Cafiero Mattioli group is a shipping organisation actively involved in ownership and management of offshore supply vessels services to oil\u2013rig platforms, harbour and deep sea tug and gas carriers. The holding company of the group is the Cafiero Mattioli Finanziaria CA.FI.MA. S.p.A., a family business with a long and<\/p>\n","protected":false},"author":1,"featured_media":0,"parent":0,"menu_order":0,"comment_status":"closed","ping_status":"closed","template":"","meta":[],"acf":[],"yoast_head":"<!-- This site is optimized with the Yoast SEO plugin v18.8 - https:\/\/yoast.com\/wordpress\/plugins\/seo\/ -->\n<title>CA.FI.MA - Gruppo armatori Cafiero Mattioli<\/title>\n<meta name=\"description\" content=\"The Cafiero Mattioli group is a shipping organisation actively involved in ownership and management of deep sea vessels, offshore supply vessels and services to oil-rig platforms and harbour and deep sea towage and salvage.\" \/>\n<meta name=\"robots\" content=\"index, follow, max-snippet:-1, max-image-preview:large, max-video-preview:-1\" \/>\n<link rel=\"canonical\" href=\"https:\/\/www.cafima.it\/en\/home-i\/\" \/>\n<meta property=\"og:locale\" content=\"en_US\" \/>\n<meta property=\"og:type\" content=\"article\" \/>\n<meta property=\"og:title\" content=\"CA.FI.MA - Gruppo armatori Cafiero Mattioli\" \/>\n<meta property=\"og:description\" content=\"The Cafiero Mattioli group is a shipping organisation actively involved in ownership and management of deep sea vessels, offshore supply vessels and services to oil-rig platforms and harbour and deep sea towage and salvage.\" \/>\n<meta property=\"og:url\" content=\"https:\/\/www.cafima.it\/en\/home-i\/\" \/>\n<meta property=\"og:site_name\" content=\"Cafima\" \/>\n<meta property=\"article:modified_time\" content=\"2025-05-21T12:49:07+00:00\" \/>\n<meta name=\"twitter:card\" content=\"summary_large_image\" \/>\n<meta name=\"twitter:label1\" content=\"Est. reading time\" \/>\n\t<meta name=\"twitter:data1\" content=\"3 minutes\" \/>\n<script type=\"application\/ld+json\" class=\"yoast-schema-graph\">{\"@context\":\"https:\/\/schema.org\",\"@graph\":[{\"@type\":\"WebSite\",\"@id\":\"https:\/\/www.cafima.it\/#website\",\"url\":\"https:\/\/www.cafima.it\/\",\"name\":\"Cafima\",\"description\":\"\",\"potentialAction\":[{\"@type\":\"SearchAction\",\"target\":{\"@type\":\"EntryPoint\",\"urlTemplate\":\"https:\/\/www.cafima.it\/?s={search_term_string}\"},\"query-input\":\"required name=search_term_string\"}],\"inLanguage\":\"en-US\"},{\"@type\":\"WebPage\",\"@id\":\"https:\/\/www.cafima.it\/en\/home-i\/#webpage\",\"url\":\"https:\/\/www.cafima.it\/en\/home-i\/\",\"name\":\"CA.FI.MA - Gruppo armatori Cafiero Mattioli\",\"isPartOf\":{\"@id\":\"https:\/\/www.cafima.it\/#website\"},\"datePublished\":\"2016-10-06T03:37:14+00:00\",\"dateModified\":\"2025-05-21T12:49:07+00:00\",\"description\":\"The Cafiero Mattioli group is a shipping organisation actively involved in ownership and management of deep sea vessels, offshore supply vessels and services to oil-rig platforms and harbour and deep sea towage and salvage.\",\"breadcrumb\":{\"@id\":\"https:\/\/www.cafima.it\/en\/home-i\/#breadcrumb\"},\"inLanguage\":\"en-US\",\"potentialAction\":[{\"@type\":\"ReadAction\",\"target\":[\"https:\/\/www.cafima.it\/en\/home-i\/\"]}]},{\"@type\":\"BreadcrumbList\",\"@id\":\"https:\/\/www.cafima.it\/en\/home-i\/#breadcrumb\",\"itemListElement\":[{\"@type\":\"ListItem\",\"position\":1,\"name\":\"Home\",\"item\":\"https:\/\/www.cafima.it\/en\/home-i\/\"},{\"@type\":\"ListItem\",\"position\":2,\"name\":\"Home Cafima\"}]}]}<\/script>\n<!-- \/ Yoast SEO plugin. -->","yoast_head_json":{"title":"CA.FI.MA - Gruppo armatori Cafiero Mattioli","description":"The Cafiero Mattioli group is a shipping organisation actively involved in ownership and management of deep sea vessels, offshore supply vessels and services to oil-rig platforms and harbour and deep sea towage and salvage.","robots":{"index":"index","follow":"follow","max-snippet":"max-snippet:-1","max-image-preview":"max-image-preview:large","max-video-preview":"max-video-preview:-1"},"canonical":"https:\/\/www.cafima.it\/en\/home-i\/","og_locale":"en_US","og_type":"article","og_title":"CA.FI.MA - Gruppo armatori Cafiero Mattioli","og_description":"The Cafiero Mattioli group is a shipping organisation actively involved in ownership and management of deep sea vessels, offshore supply vessels and services to oil-rig platforms and harbour and deep sea towage and salvage.","og_url":"https:\/\/www.cafima.it\/en\/home-i\/","og_site_name":"Cafima","article_modified_time":"2025-05-21T12:49:07+00:00","twitter_card":"summary_large_image","twitter_misc":{"Est. reading time":"3 minutes"},"schema":{"@context":"https:\/\/schema.org","@graph":[{"@type":"WebSite","@id":"https:\/\/www.cafima.it\/#website","url":"https:\/\/www.cafima.it\/","name":"Cafima","description":"","potentialAction":[{"@type":"SearchAction","target":{"@type":"EntryPoint","urlTemplate":"https:\/\/www.cafima.it\/?s={search_term_string}"},"query-input":"required name=search_term_string"}],"inLanguage":"en-US"},{"@type":"WebPage","@id":"https:\/\/www.cafima.it\/en\/home-i\/#webpage","url":"https:\/\/www.cafima.it\/en\/home-i\/","name":"CA.FI.MA - Gruppo armatori Cafiero Mattioli","isPartOf":{"@id":"https:\/\/www.cafima.it\/#website"},"datePublished":"2016-10-06T03:37:14+00:00","dateModified":"2025-05-21T12:49:07+00:00","description":"The Cafiero Mattioli group is a shipping organisation actively involved in ownership and management of deep sea vessels, offshore supply vessels and services to oil-rig platforms and harbour and deep sea towage and salvage.","breadcrumb":{"@id":"https:\/\/www.cafima.it\/en\/home-i\/#breadcrumb"},"inLanguage":"en-US","potentialAction":[{"@type":"ReadAction","target":["https:\/\/www.cafima.it\/en\/home-i\/"]}]},{"@type":"BreadcrumbList","@id":"https:\/\/www.cafima.it\/en\/home-i\/#breadcrumb","itemListElement":[{"@type":"ListItem","position":1,"name":"Home","item":"https:\/\/www.cafima.it\/en\/home-i\/"},{"@type":"ListItem","position":2,"name":"Home Cafima"}]}]}},"_links":{"self":[{"href":"https:\/\/www.cafima.it\/en\/wp-json\/wp\/v2\/pages\/1671"}],"collection":[{"href":"https:\/\/www.cafima.it\/en\/wp-json\/wp\/v2\/pages"}],"about":[{"href":"https:\/\/www.cafima.it\/en\/wp-json\/wp\/v2\/types\/page"}],"author":[{"embeddable":true,"href":"https:\/\/www.cafima.it\/en\/wp-json\/wp\/v2\/users\/1"}],"replies":[{"embeddable":true,"href":"https:\/\/www.cafima.it\/en\/wp-json\/wp\/v2\/comments?post=1671"}],"version-history":[{"count":5,"href":"https:\/\/www.cafima.it\/en\/wp-json\/wp\/v2\/pages\/1671\/revisions"}],"predecessor-version":[{"id":1915,"href":"https:\/\/www.cafima.it\/en\/wp-json\/wp\/v2\/pages\/1671\/revisions\/1915"}],"wp:attachment":[{"href":"https:\/\/www.cafima.it\/en\/wp-json\/wp\/v2\/media?parent=1671"}],"curies":[{"name":"wp","href":"https:\/\/api.w.org\/{rel}","templated":true}]}}